{"id":3,"date":"2024-08-09T22:20:33","date_gmt":"2024-08-09T22:20:33","guid":{"rendered":"https:\/\/omavara.com\/de\/?page_id=3"},"modified":"2024-08-14T22:03:10","modified_gmt":"2024-08-14T22:03:10","slug":"privacy-policy","status":"publish","type":"page","link":"https:\/\/omavara.com\/de\/privacy-policy\/","title":{"rendered":"Datenschutzerkl\u00e4rung"},"content":{"rendered":"\n<h2 class=\"wp-block-heading\">Wer sind wir?<\/h2>\n\n\n\n<p>Wir sind Omavara O\u00dc. Wohnungsvermietungsagentur mit Sitz in Estland.<\/p>\n\n\n\n<h2 class=\"wp-block-heading\">Was machen wir mit Ihren Daten?<\/h2>\n\n\n\n<p>Wir garantieren, dass die uns \u00fcbermittelten Informationen sicher und gesch\u00fctzt vor Dritten gesch\u00fctzt sind. Wir werden die von Ihnen bereitgestellten Informationen nicht weitergeben. Gelegentlich verwenden wir die gesammelten Informationen, um Sie \u00fcber neue M\u00f6glichkeiten und Angebote zu informieren, die Sie interessieren k\u00f6nnten. Wir beobachten die Statistiken, die den Internetverkehr charakterisieren; Hieraus l\u00e4sst sich kein konkreter Kunde identifizieren. In den gesetzlich vorgeschriebenen F\u00e4llen oder in den F\u00e4llen, in denen dies zum Schutz der Omavara Apartments und der Privatsph\u00e4re der G\u00e4ste der Omavara Apartments erforderlich ist, k\u00f6nnen wir Informationen \u00fcber unsere G\u00e4ste weitergeben. Durch die Nutzung unserer Website erkl\u00e4ren Sie sich damit einverstanden, Omavara Apartments Informationen zu den oben genannten Bedingungen zur Verf\u00fcgung zu stellen.<\/p>\n","protected":false},"excerpt":{"rendered":"<p>Wer sind wir? Wir sind Omavara O\u00dc. Wohnungsvermietungsagentur mit Sitz in Estland. Was machen wir mit Ihren Daten? Wir garantieren, dass die uns \u00fcbermittelten Informationen sicher und gesch\u00fctzt vor Dritten gesch\u00fctzt sind. Wir werden die von Ihnen bereitgestellten Informationen nicht weitergeben. Gelegentlich verwenden wir die gesammelten Informationen, um Sie \u00fcber neue M\u00f6glichkeiten und Angebote zu [&hellip;]<\/p>\n","protected":false},"author":1,"featured_media":0,"parent":0,"menu_order":0,"comment_status":"closed","ping_status":"closed","template":"no-title","meta":{"om_disable_all_campaigns":false,"_monsterinsights_skip_tracking":false,"_monsterinsights_sitenote_active":false,"_monsterinsights_sitenote_note":"","_monsterinsights_sitenote_category":0,"_uf_show_specific_survey":0,"_uf_disable_surveys":false,"footnotes":""},"class_list":["post-3","page","type-page","status-publish","hentry"],"aioseo_notices":[],"_links":{"self":[{"href":"https:\/\/omavara.com\/de\/wp-json\/wp\/v2\/pages\/3","targetHints":{"allow":["GET"]}}],"collection":[{"href":"https:\/\/omavara.com\/de\/wp-json\/wp\/v2\/pages"}],"about":[{"href":"https:\/\/omavara.com\/de\/wp-json\/wp\/v2\/types\/page"}],"author":[{"embeddable":true,"href":"https:\/\/omavara.com\/de\/wp-json\/wp\/v2\/users\/1"}],"replies":[{"embeddable":true,"href":"https:\/\/omavara.com\/de\/wp-json\/wp\/v2\/comments?post=3"}],"version-history":[{"count":3,"href":"https:\/\/omavara.com\/de\/wp-json\/wp\/v2\/pages\/3\/revisions"}],"predecessor-version":[{"id":607,"href":"https:\/\/omavara.com\/de\/wp-json\/wp\/v2\/pages\/3\/revisions\/607"}],"wp:attachment":[{"href":"https:\/\/omavara.com\/de\/wp-json\/wp\/v2\/media?parent=3"}],"curies":[{"name":"wp","href":"https:\/\/api.w.org\/{rel}","templated":true}]}}