{"id":184,"date":"2024-08-12T11:54:36","date_gmt":"2024-08-12T11:54:36","guid":{"rendered":"https:\/\/omavara.com\/de\/?page_id=184"},"modified":"2024-09-25T22:59:59","modified_gmt":"2024-09-25T22:59:59","slug":"citygate-sunset","status":"publish","type":"page","link":"https:\/\/omavara.com\/de\/citygate-sunset\/","title":{"rendered":"CITYGATE APARTMENT WITH SUNSET BALCONY"},"content":{"rendered":"<div class=\"n2-section-smartslider fitvidsignore  n2_clear\" data-ssid=\"10\"><div id=\"n2-ss-10-align\" class=\"n2-ss-align\"><div class=\"n2-padding\"><div id=\"n2-ss-10\" data-creator=\"Smart Slider 3\" data-responsive=\"auto\" class=\"n2-ss-slider n2-ow n2-has-hover n2notransition  \"><div class=\"n2-ss-slider-wrapper-inside\">\n        <div class=\"n2-ss-slider-1 n2_ss__touch_element n2-ow\">\n            <div class=\"n2-ss-slider-2 n2-ow\">\n                                                <div class=\"n2-ss-slider-3 n2-ow\">\n\n                    <div class=\"n2-ss-slide-backgrounds n2-ow-all\"><div class=\"n2-ss-slide-background\" data-public-id=\"1\" data-mode=\"fill\"><div class=\"n2-ss-slide-background-image\" data-blur=\"0\" data-opacity=\"100\" data-x=\"50\" data-y=\"50\" data-alt=\"\" data-title=\"\"><picture class=\"skip-lazy\" data-skip-lazy=\"1\"><img decoding=\"async\" src=\"\/\/omavara.com\/de\/wp-content\/uploads\/slider10\/sunset1-main.webp\" alt=\"\" title=\"\" loading=\"lazy\" class=\"skip-lazy\" data-skip-lazy=\"1\"><\/picture><\/div><div data-color=\"RGBA(255,255,255,0)\" style=\"background-color: RGBA(255,255,255,0);\" class=\"n2-ss-slide-background-color\"><\/div><\/div><div class=\"n2-ss-slide-background\" data-public-id=\"2\" data-mode=\"fill\" aria-hidden=\"true\"><div class=\"n2-ss-slide-background-image\" data-blur=\"0\" data-opacity=\"100\" data-x=\"50\" data-y=\"50\" data-alt=\"\" data-title=\"\"><picture class=\"skip-lazy\" data-skip-lazy=\"1\"><img decoding=\"async\" src=\"\/\/omavara.com\/de\/wp-content\/uploads\/slider10\/sunset2-living.webp\" alt=\"\" title=\"\" loading=\"lazy\" class=\"skip-lazy\" data-skip-lazy=\"1\"><\/picture><\/div><div data-color=\"RGBA(255,255,255,0)\" style=\"background-color: RGBA(255,255,255,0);\" class=\"n2-ss-slide-background-color\"><\/div><\/div><div class=\"n2-ss-slide-background\" data-public-id=\"3\" data-mode=\"fill\" aria-hidden=\"true\"><div class=\"n2-ss-slide-background-image\" data-blur=\"0\" data-opacity=\"100\" data-x=\"50\" data-y=\"50\" data-alt=\"\" data-title=\"\"><picture class=\"skip-lazy\" data-skip-lazy=\"1\"><img decoding=\"async\" src=\"\/\/omavara.com\/de\/wp-content\/uploads\/slider10\/sunset3-kitchen.webp\" alt=\"\" title=\"\" loading=\"lazy\" class=\"skip-lazy\" data-skip-lazy=\"1\"><\/picture><\/div><div data-color=\"RGBA(255,255,255,0)\" style=\"background-color: RGBA(255,255,255,0);\" class=\"n2-ss-slide-background-color\"><\/div><\/div><div class=\"n2-ss-slide-background\" data-public-id=\"4\" data-mode=\"fill\" aria-hidden=\"true\"><div class=\"n2-ss-slide-background-image\" data-blur=\"0\" data-opacity=\"100\" data-x=\"50\" data-y=\"50\" data-alt=\"\" data-title=\"\"><picture class=\"skip-lazy\" data-skip-lazy=\"1\"><img decoding=\"async\" src=\"\/\/omavara.com\/de\/wp-content\/uploads\/slider10\/sunset4-view-from-kitchen.webp\" alt=\"\" title=\"\" loading=\"lazy\" class=\"skip-lazy\" data-skip-lazy=\"1\"><\/picture><\/div><div data-color=\"RGBA(255,255,255,0)\" style=\"background-color: RGBA(255,255,255,0);\" class=\"n2-ss-slide-background-color\"><\/div><\/div><div class=\"n2-ss-slide-background\" data-public-id=\"5\" data-mode=\"fill\" aria-hidden=\"true\"><div class=\"n2-ss-slide-background-image\" data-blur=\"0\" data-opacity=\"100\" data-x=\"50\" data-y=\"50\" data-alt=\"\" data-title=\"\"><picture class=\"skip-lazy\" data-skip-lazy=\"1\"><img decoding=\"async\" src=\"\/\/omavara.com\/de\/wp-content\/uploads\/slider10\/sunset5-living-room.webp\" alt=\"\" title=\"\" loading=\"lazy\" class=\"skip-lazy\" data-skip-lazy=\"1\"><\/picture><\/div><div data-color=\"RGBA(255,255,255,0)\" style=\"background-color: RGBA(255,255,255,0);\" class=\"n2-ss-slide-background-color\"><\/div><\/div><div class=\"n2-ss-slide-background\" data-public-id=\"6\" data-mode=\"fill\" aria-hidden=\"true\"><div class=\"n2-ss-slide-background-image\" data-blur=\"0\" data-opacity=\"100\" data-x=\"50\" data-y=\"50\" data-alt=\"\" data-title=\"\"><picture class=\"skip-lazy\" data-skip-lazy=\"1\"><img decoding=\"async\" src=\"\/\/omavara.com\/de\/wp-content\/uploads\/slider10\/sunset6-sleeping-room.webp\" alt=\"\" title=\"\" loading=\"lazy\" class=\"skip-lazy\" data-skip-lazy=\"1\"><\/picture><\/div><div data-color=\"RGBA(255,255,255,0)\" style=\"background-color: RGBA(255,255,255,0);\" class=\"n2-ss-slide-background-color\"><\/div><\/div><div class=\"n2-ss-slide-background\" data-public-id=\"7\" data-mode=\"fill\" aria-hidden=\"true\"><div class=\"n2-ss-slide-background-image\" data-blur=\"0\" data-opacity=\"100\" data-x=\"50\" data-y=\"50\" data-alt=\"\" data-title=\"\"><picture class=\"skip-lazy\" data-skip-lazy=\"1\"><img decoding=\"async\" src=\"\/\/omavara.com\/de\/wp-content\/uploads\/slider10\/sunset7-sleeping-room-with-wardrobe.webp\" alt=\"\" title=\"\" loading=\"lazy\" class=\"skip-lazy\" data-skip-lazy=\"1\"><\/picture><\/div><div data-color=\"RGBA(255,255,255,0)\" style=\"background-color: RGBA(255,255,255,0);\" class=\"n2-ss-slide-background-color\"><\/div><\/div><div class=\"n2-ss-slide-background\" data-public-id=\"8\" data-mode=\"fill\" aria-hidden=\"true\"><div class=\"n2-ss-slide-background-image\" data-blur=\"0\" data-opacity=\"100\" data-x=\"50\" data-y=\"50\" data-alt=\"\" data-title=\"\"><picture class=\"skip-lazy\" data-skip-lazy=\"1\"><img decoding=\"async\" src=\"\/\/omavara.com\/de\/wp-content\/uploads\/slider10\/sunset8-bathroom.webp\" alt=\"\" title=\"\" loading=\"lazy\" class=\"skip-lazy\" data-skip-lazy=\"1\"><\/picture><\/div><div data-color=\"RGBA(255,255,255,0)\" style=\"background-color: RGBA(255,255,255,0);\" class=\"n2-ss-slide-background-color\"><\/div><\/div><div class=\"n2-ss-slide-background\" data-public-id=\"9\" data-mode=\"fill\" aria-hidden=\"true\"><div class=\"n2-ss-slide-background-image\" data-blur=\"0\" data-opacity=\"100\" data-x=\"50\" data-y=\"50\" data-alt=\"\" data-title=\"\"><picture class=\"skip-lazy\" data-skip-lazy=\"1\"><img decoding=\"async\" src=\"\/\/omavara.com\/de\/wp-content\/uploads\/slider10\/sunset9-bathroom.webp\" alt=\"\" title=\"\" loading=\"lazy\" class=\"skip-lazy\" data-skip-lazy=\"1\"><\/picture><\/div><div data-color=\"RGBA(255,255,255,0)\" style=\"background-color: RGBA(255,255,255,0);\" class=\"n2-ss-slide-background-color\"><\/div><\/div><div class=\"n2-ss-slide-background\" data-public-id=\"10\" data-mode=\"fill\" aria-hidden=\"true\"><div class=\"n2-ss-slide-background-image\" data-blur=\"0\" data-opacity=\"100\" data-x=\"50\" data-y=\"50\" data-alt=\"\" data-title=\"\"><picture class=\"skip-lazy\" data-skip-lazy=\"1\"><img decoding=\"async\" src=\"\/\/omavara.com\/de\/wp-content\/uploads\/slider10\/sunset91-living-room.webp\" alt=\"\" title=\"\" loading=\"lazy\" class=\"skip-lazy\" data-skip-lazy=\"1\"><\/picture><\/div><div data-color=\"RGBA(255,255,255,0)\" style=\"background-color: RGBA(255,255,255,0);\" class=\"n2-ss-slide-background-color\"><\/div><\/div><div class=\"n2-ss-slide-background\" data-public-id=\"11\" data-mode=\"fill\" aria-hidden=\"true\"><div class=\"n2-ss-slide-background-image\" data-blur=\"0\" data-opacity=\"100\" data-x=\"50\" data-y=\"50\" data-alt=\"\" data-title=\"\"><picture class=\"skip-lazy\" data-skip-lazy=\"1\"><img decoding=\"async\" src=\"\/\/omavara.com\/de\/wp-content\/uploads\/slider10\/sunset92-balcony.webp\" alt=\"\" title=\"\" loading=\"lazy\" class=\"skip-lazy\" data-skip-lazy=\"1\"><\/picture><\/div><div data-color=\"RGBA(255,255,255,0)\" style=\"background-color: RGBA(255,255,255,0);\" class=\"n2-ss-slide-background-color\"><\/div><\/div><div class=\"n2-ss-slide-background\" data-public-id=\"12\" data-mode=\"fill\" aria-hidden=\"true\"><div class=\"n2-ss-slide-background-image\" data-blur=\"0\" data-opacity=\"100\" data-x=\"50\" data-y=\"50\" data-alt=\"\" data-title=\"\"><picture class=\"skip-lazy\" data-skip-lazy=\"1\"><img decoding=\"async\" src=\"\/\/omavara.com\/de\/wp-content\/uploads\/slider10\/sunset93-balcony.webp\" alt=\"\" title=\"\" loading=\"lazy\" class=\"skip-lazy\" data-skip-lazy=\"1\"><\/picture><\/div><div data-color=\"RGBA(255,255,255,0)\" style=\"background-color: RGBA(255,255,255,0);\" class=\"n2-ss-slide-background-color\"><\/div><\/div><div class=\"n2-ss-slide-background\" data-public-id=\"13\" data-mode=\"fill\" aria-hidden=\"true\"><div class=\"n2-ss-slide-background-image\" data-blur=\"0\" data-opacity=\"100\" data-x=\"50\" data-y=\"50\" data-alt=\"\" data-title=\"\"><picture class=\"skip-lazy\" data-skip-lazy=\"1\"><img decoding=\"async\" src=\"\/\/omavara.com\/de\/wp-content\/uploads\/slider10\/sunset94-outside.webp\" alt=\"\" title=\"\" loading=\"lazy\" class=\"skip-lazy\" data-skip-lazy=\"1\"><\/picture><\/div><div data-color=\"RGBA(255,255,255,0)\" style=\"background-color: RGBA(255,255,255,0);\" class=\"n2-ss-slide-background-color\"><\/div><\/div><div class=\"n2-ss-slide-background\" data-public-id=\"14\" data-mode=\"fill\" aria-hidden=\"true\"><div class=\"n2-ss-slide-background-image\" data-blur=\"0\" data-opacity=\"100\" data-x=\"50\" data-y=\"50\" data-alt=\"\" data-title=\"\"><picture class=\"skip-lazy\" data-skip-lazy=\"1\"><img decoding=\"async\" src=\"\/\/omavara.com\/de\/wp-content\/uploads\/slider8\/rauanetflixavailable.jpeg\" alt=\"\" title=\"\" loading=\"lazy\" class=\"skip-lazy\" data-skip-lazy=\"1\"><\/picture><\/div><div data-color=\"RGBA(255,255,255,0)\" style=\"background-color: RGBA(255,255,255,0);\" class=\"n2-ss-slide-background-color\"><\/div><\/div><\/div>                    <div class=\"n2-ss-slider-4 n2-ow\">\n                        <svg xmlns=\"http:\/\/www.w3.org\/2000\/svg\" viewBox=\"0 0 1500 1125\" data-related-device=\"desktopPortrait\" class=\"n2-ow n2-ss-preserve-size n2-ss-preserve-size--slider n2-ss-slide-limiter\"><\/svg><div data-first=\"1\" data-slide-duration=\"0\" data-id=\"150\" data-slide-public-id=\"1\" data-title=\"sunset1-main\" class=\"n2-ss-slide n2-ow  n2-ss-slide-150\"><div role=\"note\" class=\"n2-ss-slide--focus\" tabindex=\"-1\">sunset1-main<\/div><div class=\"n2-ss-layers-container n2-ss-slide-limiter n2-ow\"><div class=\"n2-ss-layer n2-ow n-uc-0R6y0AJBoCHo\" data-sstype=\"slide\" data-pm=\"default\"><\/div><\/div><\/div><div data-slide-duration=\"0\" data-id=\"152\" data-slide-public-id=\"2\" aria-hidden=\"true\" data-title=\"sunset2-living\" class=\"n2-ss-slide n2-ow  n2-ss-slide-152\"><div role=\"note\" class=\"n2-ss-slide--focus\" tabindex=\"-1\">sunset2-living<\/div><div class=\"n2-ss-layers-container n2-ss-slide-limiter n2-ow\"><div class=\"n2-ss-layer n2-ow n-uc-AN5GG5V8E8QJ\" data-sstype=\"slide\" data-pm=\"default\"><\/div><\/div><\/div><div data-slide-duration=\"0\" data-id=\"153\" data-slide-public-id=\"3\" aria-hidden=\"true\" data-title=\"sunset3-kitchen\" class=\"n2-ss-slide n2-ow  n2-ss-slide-153\"><div role=\"note\" class=\"n2-ss-slide--focus\" tabindex=\"-1\">sunset3-kitchen<\/div><div class=\"n2-ss-layers-container n2-ss-slide-limiter n2-ow\"><div class=\"n2-ss-layer n2-ow n-uc-lsOvjQUwUcIk\" data-sstype=\"slide\" data-pm=\"default\"><\/div><\/div><\/div><div data-slide-duration=\"0\" data-id=\"154\" data-slide-public-id=\"4\" aria-hidden=\"true\" data-title=\"sunset4-view-from-kitchen\" class=\"n2-ss-slide n2-ow  n2-ss-slide-154\"><div role=\"note\" class=\"n2-ss-slide--focus\" tabindex=\"-1\">sunset4-view-from-kitchen<\/div><div class=\"n2-ss-layers-container n2-ss-slide-limiter n2-ow\"><div class=\"n2-ss-layer n2-ow n-uc-B3u5bA4X4her\" data-sstype=\"slide\" data-pm=\"default\"><\/div><\/div><\/div><div data-slide-duration=\"0\" data-id=\"156\" data-slide-public-id=\"5\" aria-hidden=\"true\" data-title=\"sunset5-living-room\" class=\"n2-ss-slide n2-ow  n2-ss-slide-156\"><div role=\"note\" class=\"n2-ss-slide--focus\" tabindex=\"-1\">sunset5-living-room<\/div><div class=\"n2-ss-layers-container n2-ss-slide-limiter n2-ow\"><div class=\"n2-ss-layer n2-ow n-uc-0ccCGszFgbF3\" data-sstype=\"slide\" data-pm=\"default\"><\/div><\/div><\/div><div data-slide-duration=\"0\" data-id=\"147\" data-slide-public-id=\"6\" aria-hidden=\"true\" data-title=\"sunset6-sleeping-room\" class=\"n2-ss-slide n2-ow  n2-ss-slide-147\"><div role=\"note\" class=\"n2-ss-slide--focus\" tabindex=\"-1\">sunset6-sleeping-room<\/div><div class=\"n2-ss-layers-container n2-ss-slide-limiter n2-ow\"><div class=\"n2-ss-layer n2-ow n-uc-t1O9E8F8kNcI\" data-sstype=\"slide\" data-pm=\"default\"><\/div><\/div><\/div><div data-slide-duration=\"0\" data-id=\"145\" data-slide-public-id=\"7\" aria-hidden=\"true\" data-title=\"sunset7-sleeping-room-with-wardrobe\" class=\"n2-ss-slide n2-ow  n2-ss-slide-145\"><div role=\"note\" class=\"n2-ss-slide--focus\" tabindex=\"-1\">sunset7-sleeping-room-with-wardrobe<\/div><div class=\"n2-ss-layers-container n2-ss-slide-limiter n2-ow\"><div class=\"n2-ss-layer n2-ow n-uc-4N4PR3oW1IZ7\" data-sstype=\"slide\" data-pm=\"default\"><\/div><\/div><\/div><div data-slide-duration=\"0\" data-id=\"146\" data-slide-public-id=\"8\" aria-hidden=\"true\" data-title=\"sunset8-bathroom\" class=\"n2-ss-slide n2-ow  n2-ss-slide-146\"><div role=\"note\" class=\"n2-ss-slide--focus\" tabindex=\"-1\">sunset8-bathroom<\/div><div class=\"n2-ss-layers-container n2-ss-slide-limiter n2-ow\"><div class=\"n2-ss-layer n2-ow n-uc-stZ3GBvuRo6o\" data-sstype=\"slide\" data-pm=\"default\"><\/div><\/div><\/div><div data-slide-duration=\"0\" data-id=\"144\" data-slide-public-id=\"9\" aria-hidden=\"true\" data-title=\"sunset9-bathroom\" class=\"n2-ss-slide n2-ow  n2-ss-slide-144\"><div role=\"note\" class=\"n2-ss-slide--focus\" tabindex=\"-1\">sunset9-bathroom<\/div><div class=\"n2-ss-layers-container n2-ss-slide-limiter n2-ow\"><div class=\"n2-ss-layer n2-ow n-uc-t0K7wyCXdERF\" data-sstype=\"slide\" data-pm=\"default\"><\/div><\/div><\/div><div data-slide-duration=\"0\" data-id=\"151\" data-slide-public-id=\"10\" aria-hidden=\"true\" data-title=\"sunset91-living-room\" class=\"n2-ss-slide n2-ow  n2-ss-slide-151\"><div role=\"note\" class=\"n2-ss-slide--focus\" tabindex=\"-1\">sunset91-living-room<\/div><div class=\"n2-ss-layers-container n2-ss-slide-limiter n2-ow\"><div class=\"n2-ss-layer n2-ow n-uc-3LoAs0uS3V1y\" data-sstype=\"slide\" data-pm=\"default\"><\/div><\/div><\/div><div data-slide-duration=\"0\" data-id=\"149\" data-slide-public-id=\"11\" aria-hidden=\"true\" data-title=\"sunset92-balcony\" class=\"n2-ss-slide n2-ow  n2-ss-slide-149\"><div role=\"note\" class=\"n2-ss-slide--focus\" tabindex=\"-1\">sunset92-balcony<\/div><div class=\"n2-ss-layers-container n2-ss-slide-limiter n2-ow\"><div class=\"n2-ss-layer n2-ow n-uc-2G3MvKxd04Ns\" data-sstype=\"slide\" data-pm=\"default\"><\/div><\/div><\/div><div data-slide-duration=\"0\" data-id=\"148\" data-slide-public-id=\"12\" aria-hidden=\"true\" data-title=\"sunset93-balcony\" class=\"n2-ss-slide n2-ow  n2-ss-slide-148\"><div role=\"note\" class=\"n2-ss-slide--focus\" tabindex=\"-1\">sunset93-balcony<\/div><div class=\"n2-ss-layers-container n2-ss-slide-limiter n2-ow\"><div class=\"n2-ss-layer n2-ow n-uc-fX1AzBIDvxZ0\" data-sstype=\"slide\" data-pm=\"default\"><\/div><\/div><\/div><div data-slide-duration=\"0\" data-id=\"155\" data-slide-public-id=\"13\" aria-hidden=\"true\" data-title=\"sunset94-outside\" class=\"n2-ss-slide n2-ow  n2-ss-slide-155\"><div role=\"note\" class=\"n2-ss-slide--focus\" tabindex=\"-1\">sunset94-outside<\/div><div class=\"n2-ss-layers-container n2-ss-slide-limiter n2-ow\"><div class=\"n2-ss-layer n2-ow n-uc-fNEFLZKyo9EF\" data-sstype=\"slide\" data-pm=\"default\"><\/div><\/div><\/div><div data-slide-duration=\"0\" data-id=\"195\" data-slide-public-id=\"14\" aria-hidden=\"true\" data-title=\"rauanetflixavailable\" class=\"n2-ss-slide n2-ow  n2-ss-slide-195\"><div role=\"note\" class=\"n2-ss-slide--focus\" tabindex=\"-1\">rauanetflixavailable<\/div><div class=\"n2-ss-layers-container n2-ss-slide-limiter n2-ow\"><div class=\"n2-ss-layer n2-ow n-uc-yG0GkJPUp4IW\" data-sstype=\"slide\" data-pm=\"default\"><\/div><\/div><\/div>                    <\/div>\n\n                                    <\/div>\n            <\/div>\n        <\/div>\n        <div class=\"n2-ss-slider-controls n2-ss-slider-controls-absolute-left-center\"><div style=\"--widget-offset:15px;\" class=\"n2-ss-widget nextend-arrow n2-ow-all nextend-arrow-previous  nextend-arrow-animated-fade\" data-hide-mobileportrait=\"1\" id=\"n2-ss-10-arrow-previous\" role=\"button\" aria-label=\"previous arrow\" tabindex=\"0\"><img loading=\"lazy\" decoding=\"async\" width=\"32\" height=\"32\" class=\"skip-lazy\" data-skip-lazy=\"1\" src=\"data:image\/svg+xml;base64,PHN2ZyB3aWR0aD0iMzIiIGhlaWdodD0iMzIiIHZpZXdCb3g9IjAgMCAzMiAzMiIgeG1sbnM9Imh0dHA6Ly93d3cudzMub3JnLzIwMDAvc3ZnIj4KICAgIDxwYXRoIGQ9Ik0xMS40MzMgMTUuOTkyTDIyLjY5IDUuNzEyYy4zOTMtLjM5LjM5My0xLjAzIDAtMS40Mi0uMzkzLS4zOS0xLjAzLS4zOS0xLjQyMyAwbC0xMS45OCAxMC45NGMtLjIxLjIxLS4zLjQ5LS4yODUuNzYtLjAxNS4yOC4wNzUuNTYuMjg0Ljc3bDExLjk4IDEwLjk0Yy4zOTMuMzkgMS4wMy4zOSAxLjQyNCAwIC4zOTMtLjQuMzkzLTEuMDMgMC0xLjQybC0xMS4yNTctMTAuMjkiCiAgICAgICAgICBmaWxsPSIjZmZmZmZmIiBvcGFjaXR5PSIwLjgiIGZpbGwtcnVsZT0iZXZlbm9kZCIvPgo8L3N2Zz4=\" alt=\"previous arrow\"><\/div><\/div><div class=\"n2-ss-slider-controls n2-ss-slider-controls-absolute-right-center\"><div style=\"--widget-offset:15px;\" class=\"n2-ss-widget nextend-arrow n2-ow-all nextend-arrow-next  nextend-arrow-animated-fade\" data-hide-mobileportrait=\"1\" id=\"n2-ss-10-arrow-next\" role=\"button\" aria-label=\"next arrow\" tabindex=\"0\"><img loading=\"lazy\" decoding=\"async\" width=\"32\" height=\"32\" class=\"skip-lazy\" data-skip-lazy=\"1\" src=\"data:image\/svg+xml;base64,PHN2ZyB3aWR0aD0iMzIiIGhlaWdodD0iMzIiIHZpZXdCb3g9IjAgMCAzMiAzMiIgeG1sbnM9Imh0dHA6Ly93d3cudzMub3JnLzIwMDAvc3ZnIj4KICAgIDxwYXRoIGQ9Ik0xMC43MjIgNC4yOTNjLS4zOTQtLjM5LTEuMDMyLS4zOS0xLjQyNyAwLS4zOTMuMzktLjM5MyAxLjAzIDAgMS40MmwxMS4yODMgMTAuMjgtMTEuMjgzIDEwLjI5Yy0uMzkzLjM5LS4zOTMgMS4wMiAwIDEuNDIuMzk1LjM5IDEuMDMzLjM5IDEuNDI3IDBsMTIuMDA3LTEwLjk0Yy4yMS0uMjEuMy0uNDkuMjg0LS43Ny4wMTQtLjI3LS4wNzYtLjU1LS4yODYtLjc2TDEwLjcyIDQuMjkzeiIKICAgICAgICAgIGZpbGw9IiNmZmZmZmYiIG9wYWNpdHk9IjAuOCIgZmlsbC1ydWxlPSJldmVub2RkIi8+Cjwvc3ZnPg==\" alt=\"next arrow\"><\/div><\/div><\/div><\/div><ss3-loader><\/ss3-loader><\/div><\/div><div class=\"n2_clear\"><\/div><\/div>\n\n\n<h2 class=\"wp-block-heading\">CITYGATE APARTMENT WITH SUNSET BALCONY<br><\/h2>\n\n\n\n\n\n<h3 class=\"wp-block-heading\">\u00dcber die Unterkunft<\/h3>\n\n\n\n<p>Willkommen in einem au\u00dfergew\u00f6hnlich coolen und ger\u00e4umigen G\u00e4steapartment, das modernen Komfort und stilvolles Design vereint! Unsere Wohnung bietet viel Platz und Licht und ist somit ein idealer Aufenthaltsort sowohl f\u00fcr kurze als auch l\u00e4ngere Aufenthalte.<\/p>\n\n\n\n<p>Das Apartment verf\u00fcgt \u00fcber ein offenes Wohnzimmer und eine K\u00fcche, die sowohl zum Entspannen als auch zum Bewirten von G\u00e4sten geeignet sind. Im Wohnzimmer finden Sie bequeme Sitzgelegenheiten, moderne Unterhaltungsger\u00e4te und stilvolle Einrichtungselemente, die eine gem\u00fctliche und einladende Atmosph\u00e4re schaffen.<\/p>\n\n\n\n<p>In der voll ausgestatteten K\u00fcche finden Sie alle notwendigen Ger\u00e4te und Zubeh\u00f6rteile, um direkt vor Ort k\u00f6stliche Mahlzeiten zuzubereiten. Es gibt auch einen bequemen Esstisch zum Genie\u00dfen des Fr\u00fchst\u00fccks, mit einer sch\u00f6nen Aussicht aus dem Fenster.<\/p>\n\n\n\n<p>Das Schlafzimmer ist mit einem bequemen und gro\u00dfen Bett ausgestattet, das f\u00fcr einen erholsamen Schlaf sorgt. Dar\u00fcber hinaus gibt es ger\u00e4umige Schr\u00e4nke und Staur\u00e4ume, damit Ihre Habseligkeiten immer ordentlich verstaut sind.<\/p>\n\n\n\n<p>Das Badezimmer der Wohnung ist modern und gut ausgestattet und bietet alles, was Sie f\u00fcr eine erfrischende Dusche oder ein entspannendes Bad ben\u00f6tigen.<\/p>\n\n\n\n<p>Wir befinden uns in einer gro\u00dfartigen Lage mit einfachem Zugang zu \u00f6ffentlichen Verkehrsmitteln, Gesch\u00e4ften, Restaurants und Unterhaltungsm\u00f6glichkeiten. Unser G\u00e4steapartment ist die perfekte Wahl f\u00fcr diejenigen, die w\u00e4hrend ihres Aufenthalts Komfort, Stil und Zweckm\u00e4\u00dfigkeit sch\u00e4tzen.<\/p>\n\n\n\n<p>Wir freuen uns, Sie in unserem au\u00dfergew\u00f6hnlich coolen und ger\u00e4umigen G\u00e4steapartment begr\u00fc\u00dfen zu d\u00fcrfen! Buchen Sie noch heute Ihren Aufenthalt und genie\u00dfen Sie unvergessliche Momente!<\/p>\n\n\n\n<h3 class=\"wp-block-heading\">Ausstattung<\/h3>\n\n\n\n<p><\/p>\n\n\n\n<div class=\"wp-block-group is-nowrap is-layout-flex wp-container-core-group-is-layout-6c531013 wp-block-group-is-layout-flex\">\n<ul class=\"wp-block-list\">\n<li>Handt\u00fccher und Bettw\u00e4sche<\/li>\n\n\n\n<li>TV<\/li>\n\n\n\n<li>Heizung<\/li>\n\n\n\n<li>Internet<\/li>\n\n\n\n<li>F\u00f6hn<\/li>\n\n\n\n<li>Kostenloser Parkplatz auf dem Grundst\u00fcck<\/li>\n\n\n\n<li>T\u00fcr\u00f6ffner\/Gegensprechanlage<\/li>\n\n\n\n<li>Kleiderb\u00fcgel<\/li>\n\n\n\n<li>Nichtraucherunterkunft<\/li>\n\n\n\n<li>Kochutensilien<\/li>\n\n\n\n<li>Internet (LAN)<\/li>\n\n\n\n<li>K\u00fchlschrank<\/li>\n\n\n\n<li>Mikrowelle<\/li>\n\n\n\n<li>Sp\u00fclmaschine<\/li>\n\n\n\n<li>Streaming<\/li>\n<\/ul>\n\n\n\n<ul class=\"wp-block-list\">\n<li>Toilettenpapier und Seife<\/li>\n\n\n\n<li>Kabelfernsehen<\/li>\n\n\n\n<li>K\u00fcche<\/li>\n\n\n\n<li>WLAN<\/li>\n\n\n\n<li>Waschmaschine<\/li>\n\n\n\n<li>Balkon<\/li>\n\n\n\n<li>Shampoo<\/li>\n\n\n\n<li>B\u00fcgeleisen<\/li>\n\n\n\n<li>Kinderhochstuhl<\/li>\n\n\n\n<li>Arbeitsplatz<\/li>\n\n\n\n<li>Kaffeemaschine<\/li>\n\n\n\n<li>Wasserkocher<\/li>\n\n\n\n<li>Esstisch<\/li>\n\n\n\n<li>Smart TV<\/li>\n<\/ul>\n<\/div>\n\n\n\n<div class=\"wp-block-buttons is-layout-flex wp-block-buttons-is-layout-flex\">\n<div class=\"wp-block-button\"><a class=\"wp-block-button__link wp-element-button\" href=\"https:\/\/booking.smoobu.com\/omavara?apartmentId=1733783\">Jetzt buchen<\/a><\/div>\n<\/div>\n\n\n\n<p><\/p>\n","protected":false},"excerpt":{"rendered":"<p>CITYGATE APARTMENT WITH SUNSET BALCONY \u00dcber die Unterkunft Willkommen in einem au\u00dfergew\u00f6hnlich coolen und ger\u00e4umigen G\u00e4steapartment, das modernen Komfort und stilvolles Design vereint! Unsere Wohnung bietet viel Platz und Licht und ist somit ein idealer Aufenthaltsort sowohl f\u00fcr kurze als auch l\u00e4ngere Aufenthalte. Das Apartment verf\u00fcgt \u00fcber ein offenes Wohnzimmer und eine K\u00fcche, die sowohl [&hellip;]<\/p>\n","protected":false},"author":1,"featured_media":0,"parent":0,"menu_order":0,"comment_status":"closed","ping_status":"closed","template":"no-title","meta":{"om_disable_all_campaigns":false,"_monsterinsights_skip_tracking":false,"_monsterinsights_sitenote_active":false,"_monsterinsights_sitenote_note":"","_monsterinsights_sitenote_category":0,"_uf_show_specific_survey":0,"_uf_disable_surveys":false,"footnotes":""},"class_list":["post-184","page","type-page","status-publish","hentry"],"aioseo_notices":[],"_links":{"self":[{"href":"https:\/\/omavara.com\/de\/wp-json\/wp\/v2\/pages\/184","targetHints":{"allow":["GET"]}}],"collection":[{"href":"https:\/\/omavara.com\/de\/wp-json\/wp\/v2\/pages"}],"about":[{"href":"https:\/\/omavara.com\/de\/wp-json\/wp\/v2\/types\/page"}],"author":[{"embeddable":true,"href":"https:\/\/omavara.com\/de\/wp-json\/wp\/v2\/users\/1"}],"replies":[{"embeddable":true,"href":"https:\/\/omavara.com\/de\/wp-json\/wp\/v2\/comments?post=184"}],"version-history":[{"count":15,"href":"https:\/\/omavara.com\/de\/wp-json\/wp\/v2\/pages\/184\/revisions"}],"predecessor-version":[{"id":713,"href":"https:\/\/omavara.com\/de\/wp-json\/wp\/v2\/pages\/184\/revisions\/713"}],"wp:attachment":[{"href":"https:\/\/omavara.com\/de\/wp-json\/wp\/v2\/media?parent=184"}],"curies":[{"name":"wp","href":"https:\/\/api.w.org\/{rel}","templated":true}]}}