{"id":13,"date":"2024-08-09T19:23:36","date_gmt":"2024-08-09T19:23:36","guid":{"rendered":"https:\/\/omavara.com\/de\/contact\/"},"modified":"2024-09-09T15:18:30","modified_gmt":"2024-09-09T15:18:30","slug":"contact","status":"publish","type":"page","link":"https:\/\/omavara.com\/de\/contact\/","title":{"rendered":"Kontakt"},"content":{"rendered":"\n<div class=\"wp-block-group alignfull has-background-background-color has-background has-global-padding is-layout-constrained wp-block-group-is-layout-constrained\" style=\"margin-top:0;margin-bottom:0;padding-top:0;padding-bottom:0\">\n<div class=\"wp-block-cover alignfull\" style=\"padding-top:0;padding-right:0;padding-bottom:0;padding-left:0;min-height:50px;aspect-ratio:unset;\"><span aria-hidden=\"true\" class=\"wp-block-cover__background has-black-background-color has-background-dim-60 has-background-dim\"><\/span><img loading=\"lazy\" decoding=\"async\" width=\"1280\" height=\"854\" class=\"wp-block-cover__image-background wp-image-24\" alt=\"\" src=\"https:\/\/omavara.com\/de\/wp-content\/uploads\/2024\/08\/2fbc0ee3a58ef2eb6a27914c651439b8acf750c4.jpg\" data-object-fit=\"cover\" srcset=\"https:\/\/omavara.com\/de\/wp-content\/uploads\/2024\/08\/2fbc0ee3a58ef2eb6a27914c651439b8acf750c4.jpg 1280w, https:\/\/omavara.com\/de\/wp-content\/uploads\/2024\/08\/2fbc0ee3a58ef2eb6a27914c651439b8acf750c4-300x200.jpg 300w, https:\/\/omavara.com\/de\/wp-content\/uploads\/2024\/08\/2fbc0ee3a58ef2eb6a27914c651439b8acf750c4-1024x683.jpg 1024w, https:\/\/omavara.com\/de\/wp-content\/uploads\/2024\/08\/2fbc0ee3a58ef2eb6a27914c651439b8acf750c4-768x512.jpg 768w\" sizes=\"auto, (max-width: 1280px) 100vw, 1280px\" \/><div class=\"wp-block-cover__inner-container is-layout-flow wp-block-cover-is-layout-flow\">\n<div class=\"wp-block-group has-global-padding is-layout-constrained wp-container-core-group-is-layout-dc79e9a9 wp-block-group-is-layout-constrained\" style=\"padding-top:var(--wp--preset--spacing--60);padding-right:var(--wp--preset--spacing--30);padding-bottom:var(--wp--preset--spacing--60);padding-left:var(--wp--preset--spacing--30)\">\n<h1 class=\"wp-block-heading has-text-align-center has-text-color has-x-large-font-size\" style=\"color:#fffffffc\">Kontaktieren Sie uns f\u00fcr urbane R\u00fcckzugsorte<\/h1>\n<\/div>\n<\/div><\/div>\n<\/div>\n\n\n\n<div class=\"wp-block-group alignfull has-tertiary-background-color has-background has-global-padding is-layout-constrained wp-container-core-group-is-layout-7276a2bb wp-block-group-is-layout-constrained\" style=\"margin-top:0;margin-bottom:0;padding-top:var(--wp--preset--spacing--60);padding-right:var(--wp--preset--spacing--30);padding-bottom:var(--wp--preset--spacing--60);padding-left:var(--wp--preset--spacing--30)\">\n<div class=\"wp-block-columns alignwide is-layout-flex wp-container-core-columns-is-layout-fa584acd wp-block-columns-is-layout-flex\">\n<div class=\"wp-block-column is-layout-flow wp-block-column-is-layout-flow\" style=\"flex-basis:50%\">\n<div class=\"wp-block-group is-layout-flow wp-block-group-is-layout-flow\">\n<h4 class=\"wp-block-heading has-medium-font-size\">Welche Ausstattung bieten die Wohnungen?<\/h4>\n\n\n\n<p class=\"has-small-font-size\" style=\"margin-top:12px\">Alle unsere Apartments sind mit modernem Komfort wie WLAN, K\u00fcche und s\u00e4mtlichem Zubeh\u00f6r ausgestattet.<\/p>\n<\/div>\n\n\n\n<hr class=\"wp-block-separator has-css-opacity has-text-color has-tertiary-color has-alpha-channel-opacity has-background-background-color has-background is-style-wide\"\/>\n\n\n\n<div class=\"wp-block-group is-layout-flow wp-block-group-is-layout-flow\">\n<h4 class=\"wp-block-heading has-medium-font-size\">D\u00fcrfen die G\u00e4ste Haustiere in die Wohnungen mitbringen?<\/h4>\n\n\n\n<p class=\"has-small-font-size\" style=\"margin-top:12px\">Haustiere sind auf Anfrage und nur in Tallinn erlaubt. Bitte vermerken Sie bei der Buchung des Apartments die Option f\u00fcr Haustiere. Es k\u00f6nnen Geb\u00fchren anfallen.<\/p>\n<\/div>\n\n\n\n<hr class=\"wp-block-separator has-css-opacity has-text-color has-tertiary-color has-alpha-channel-opacity has-background-background-color has-background is-style-wide\"\/>\n\n\n\n<div class=\"wp-block-group is-layout-flow wp-block-group-is-layout-flow\">\n<h4 class=\"wp-block-heading has-medium-font-size\">Wie weit sind die Apartments vom Stadtzentrum entfernt?<\/h4>\n\n\n\n<p class=\"has-small-font-size\" style=\"margin-top:12px\">Unsere Apartments in Tallinn liegen im Stadtzentrum, sodass die wichtigsten Sehensw\u00fcrdigkeiten der Stadt zu Fu\u00df erreichbar sind. Die Apartments in Tartu sind \u00fcber Buslinien miteinander verbunden. Leihfahrr\u00e4der und Motorroller sind ebenfalls in der N\u00e4he verf\u00fcgbar.<\/p>\n<\/div>\n\n\n\n<p>Webseite erstellt von <a href=\"http:\/\/kontorirott.ee\" title=\"kontorirott\">kontorirott<\/a><\/p>\n<\/div>\n\n\n\n<div class=\"wp-block-column is-layout-flow wp-block-column-is-layout-flow\" style=\"flex-basis:50%\">\n<h2 class=\"wp-block-heading has-large-font-size\">Kontaktieren Sie uns f\u00fcr ma\u00dfgeschneiderte L\u00f6sungen f\u00fcr Ferienwohnungen<\/h2>\n\n\n\n<p><strong>OMAVARA O\u00dc<\/strong><\/p>\n\n\n\n<p style=\"margin-top:0\"><strong>Gonsiori 12-10, 10117 Tallinn, Est<\/strong>land<\/p>\n\n\n\n<p class=\"has-small-font-size\" style=\"margin-top:8px\"><i class=\"fas fa-phone\" style=\"color: green;\"><\/i>+3725155779 (mobile)<\/p>\n\n\n\n<p class=\"has-small-font-size\" style=\"margin-top:8px\"><i class=\"fas fa-envelope\" style=\"color: green;\"><\/i> info@omavara.com<\/p>\n\n\n<div class=\"wpforms-container wpforms-container-full wpforms-block wpforms-block-68daf010-39a9-49ff-8401-ab0562f4cb38 wpforms-render-modern\" id=\"wpforms-291\"><form id=\"wpforms-form-291\" class=\"wpforms-validate wpforms-form wpforms-ajax-form\" data-formid=\"291\" method=\"post\" enctype=\"multipart\/form-data\" action=\"\/de\/wp-json\/wp\/v2\/pages\/13\" data-token=\"37043ffbf53f2b32227e9bc18a08efde\" data-token-time=\"1777627718\"><noscript class=\"wpforms-error-noscript\">Please enable JavaScript in your browser to complete this form.<\/noscript><div id=\"wpforms-error-noscript\" style=\"display: none;\">Please enable JavaScript in your browser to complete this form.<\/div><div class=\"wpforms-field-container\"><div id=\"wpforms-291-field_0-container\" class=\"wpforms-field wpforms-field-name\" data-field-id=\"0\"><label class=\"wpforms-field-label\" for=\"wpforms-291-field_0\">Name <span class=\"wpforms-required-label\" aria-hidden=\"true\">*<\/span><\/label><input type=\"text\" id=\"wpforms-291-field_0\" class=\"wpforms-field-medium wpforms-field-required\" name=\"wpforms[fields][0]\" aria-errormessage=\"wpforms-291-field_0-error\" required><\/div><div id=\"wpforms-291-field_1-container\" class=\"wpforms-field wpforms-field-email\" data-field-id=\"1\"><label class=\"wpforms-field-label\" for=\"wpforms-291-field_1\">Email <span class=\"wpforms-required-label\" aria-hidden=\"true\">*<\/span><\/label><input type=\"email\" id=\"wpforms-291-field_1\" class=\"wpforms-field-medium wpforms-field-required\" name=\"wpforms[fields][1]\" spellcheck=\"false\" aria-errormessage=\"wpforms-291-field_1-error\" required><\/div><div id=\"wpforms-291-field_3-container\" class=\"wpforms-field wpforms-field-text\" data-field-id=\"3\"><label class=\"wpforms-field-label\" for=\"wpforms-291-field_3\">Rufnummer <span class=\"wpforms-required-label\" aria-hidden=\"true\">*<\/span><\/label><input type=\"text\" id=\"wpforms-291-field_3\" class=\"wpforms-field-medium wpforms-field-required\" name=\"wpforms[fields][3]\" aria-errormessage=\"wpforms-291-field_3-error\" required><\/div><div id=\"wpforms-291-field_2-container\" class=\"wpforms-field wpforms-field-textarea\" data-field-id=\"2\"><label class=\"wpforms-field-label\" for=\"wpforms-291-field_2\">Ihre Nachricht<\/label><textarea id=\"wpforms-291-field_2\" class=\"wpforms-field-medium\" name=\"wpforms[fields][2]\" aria-errormessage=\"wpforms-291-field_2-error\" ><\/textarea><\/div><\/div><!-- .wpforms-field-container --><div class=\"wpforms-recaptcha-container wpforms-is-recaptcha wpforms-is-recaptcha-type-v2\" ><div class=\"g-recaptcha\" data-sitekey=\"6LcXoOMpAAAAAGZVw-aU3VPbuFr6YVvYyN0TIqKH\"><\/div><input type=\"text\" name=\"g-recaptcha-hidden\" class=\"wpforms-recaptcha-hidden\" style=\"position:absolute!important;clip:rect(0,0,0,0)!important;height:1px!important;width:1px!important;border:0!important;overflow:hidden!important;padding:0!important;margin:0!important;\" data-rule-recaptcha=\"1\"><\/div><div class=\"wpforms-submit-container\" ><input type=\"hidden\" name=\"wpforms[id]\" value=\"291\"><input type=\"hidden\" name=\"page_title\" value=\"\"><input type=\"hidden\" name=\"page_url\" value=\"https:\/\/omavara.com\/de\/wp-json\/wp\/v2\/pages\/13\"><input type=\"hidden\" name=\"url_referer\" value=\"\"><button type=\"submit\" name=\"wpforms[submit]\" id=\"wpforms-submit-291\" class=\"wpforms-submit\" data-alt-text=\"Sending...\" data-submit-text=\"Submit\" aria-live=\"assertive\" value=\"wpforms-submit\">Submit<\/button><img loading=\"lazy\" decoding=\"async\" src=\"https:\/\/omavara.com\/de\/wp-content\/plugins\/wpforms-lite\/assets\/images\/submit-spin.svg\" class=\"wpforms-submit-spinner\" style=\"display: none;\" width=\"26\" height=\"26\" alt=\"Loading\"><\/div><\/form><\/div>  <!-- .wpforms-container --><\/div>\n<\/div>\n<\/div>\n","protected":false},"excerpt":{"rendered":"<p>Welche Ausstattung bieten die Wohnungen? Alle unsere Apartments sind mit modernem Komfort wie WLAN, K\u00fcche und s\u00e4mtlichem Zubeh\u00f6r ausgestattet. D\u00fcrfen die G\u00e4ste Haustiere in die Wohnungen mitbringen? Haustiere sind auf Anfrage und nur in Tallinn erlaubt. Bitte vermerken Sie bei der Buchung des Apartments die Option f\u00fcr Haustiere. Es k\u00f6nnen Geb\u00fchren anfallen. Wie weit sind [&hellip;]<\/p>\n","protected":false},"author":1,"featured_media":0,"parent":0,"menu_order":0,"comment_status":"closed","ping_status":"closed","template":"no-title","meta":{"om_disable_all_campaigns":false,"_monsterinsights_skip_tracking":false,"_monsterinsights_sitenote_active":false,"_monsterinsights_sitenote_note":"","_monsterinsights_sitenote_category":0,"_uf_show_specific_survey":0,"_uf_disable_surveys":false,"footnotes":""},"class_list":["post-13","page","type-page","status-publish","hentry"],"aioseo_notices":[],"_links":{"self":[{"href":"https:\/\/omavara.com\/de\/wp-json\/wp\/v2\/pages\/13","targetHints":{"allow":["GET"]}}],"collection":[{"href":"https:\/\/omavara.com\/de\/wp-json\/wp\/v2\/pages"}],"about":[{"href":"https:\/\/omavara.com\/de\/wp-json\/wp\/v2\/types\/page"}],"author":[{"embeddable":true,"href":"https:\/\/omavara.com\/de\/wp-json\/wp\/v2\/users\/1"}],"replies":[{"embeddable":true,"href":"https:\/\/omavara.com\/de\/wp-json\/wp\/v2\/comments?post=13"}],"version-history":[{"count":8,"href":"https:\/\/omavara.com\/de\/wp-json\/wp\/v2\/pages\/13\/revisions"}],"predecessor-version":[{"id":658,"href":"https:\/\/omavara.com\/de\/wp-json\/wp\/v2\/pages\/13\/revisions\/658"}],"wp:attachment":[{"href":"https:\/\/omavara.com\/de\/wp-json\/wp\/v2\/media?parent=13"}],"curies":[{"name":"wp","href":"https:\/\/api.w.org\/{rel}","templated":true}]}}